{"id":6110,"date":"2024-07-06T15:32:09","date_gmt":"2024-07-06T15:32:09","guid":{"rendered":"http:\/\/www.tumint-energy.de\/?page_id=6110"},"modified":"2024-08-07T08:22:34","modified_gmt":"2024-08-07T08:22:34","slug":"equipment","status":"publish","type":"page","link":"https:\/\/www.tumint-energy.de\/en\/equipment\/","title":{"rendered":"Equipment"},"content":{"rendered":"<div data-elementor-type=\"wp-page\" data-elementor-id=\"6110\" class=\"elementor elementor-6110\">\n\t\t\t\t\t\t\t<div class=\"elementor-element elementor-element-1126e9c e-con-full e-flex wpr-particle-no wpr-jarallax-no wpr-parallax-no wpr-sticky-section-no e-con e-parent\" data-id=\"1126e9c\" data-element_type=\"container\" data-settings=\"{&quot;content_width&quot;:&quot;full&quot;,&quot;container_type&quot;:&quot;flex&quot;,&quot;_ha_eqh_enable&quot;:false}\" data-core-v316-plus=\"true\">\n\t\t<div class=\"elementor-element elementor-element-c1f1297 e-con-full e-grid wpr-particle-no wpr-jarallax-no wpr-parallax-no wpr-sticky-section-no e-con e-child\" data-id=\"c1f1297\" data-element_type=\"container\" data-settings=\"{&quot;content_width&quot;:&quot;full&quot;,&quot;container_type&quot;:&quot;grid&quot;,&quot;grid_outline&quot;:&quot;yes&quot;,&quot;grid_columns_grid&quot;:{&quot;unit&quot;:&quot;fr&quot;,&quot;size&quot;:3,&quot;sizes&quot;:[]},&quot;grid_columns_grid_tablet&quot;:{&quot;unit&quot;:&quot;fr&quot;,&quot;size&quot;:&quot;&quot;,&quot;sizes&quot;:[]},&quot;grid_columns_grid_mobile&quot;:{&quot;unit&quot;:&quot;fr&quot;,&quot;size&quot;:1,&quot;sizes&quot;:[]},&quot;grid_rows_grid&quot;:{&quot;unit&quot;:&quot;fr&quot;,&quot;size&quot;:2,&quot;sizes&quot;:[]},&quot;grid_rows_grid_tablet&quot;:{&quot;unit&quot;:&quot;fr&quot;,&quot;size&quot;:&quot;&quot;,&quot;sizes&quot;:[]},&quot;grid_rows_grid_mobile&quot;:{&quot;unit&quot;:&quot;fr&quot;,&quot;size&quot;:&quot;&quot;,&quot;sizes&quot;:[]},&quot;grid_auto_flow&quot;:&quot;row&quot;,&quot;grid_auto_flow_tablet&quot;:&quot;row&quot;,&quot;grid_auto_flow_mobile&quot;:&quot;row&quot;,&quot;_ha_eqh_enable&quot;:false}\">\n\t\t\t\t<div class=\"elementor-element elementor-element-8a1cb76 elementor-widget__width-inherit elementor-widget elementor-widget-image\" data-id=\"8a1cb76\" data-element_type=\"widget\" data-widget_type=\"image.default\">\n\t\t\t\t<div class=\"elementor-widget-container\">\n\t\t\t<style>\/*! elementor - v3.18.0 - 20-12-2023 *\/\n.elementor-widget-image{text-align:center}.elementor-widget-image a{display:inline-block}.elementor-widget-image a img[src$=\".svg\"]{width:48px}.elementor-widget-image img{vertical-align:middle;display:inline-block}<\/style>\t\t\t\t\t\t\t\t\t<figure class=\"wp-caption\">\n\t\t\t\t\t\t\t\t\t\t<img fetchpriority=\"high\" decoding=\"async\" width=\"1280\" height=\"960\" src=\"https:\/\/www.tumint-energy.de\/wp-content\/uploads\/2024\/04\/ZEI-GB.png\" class=\"attachment-full size-full wp-image-4566\" alt=\"\" srcset=\"https:\/\/www.tumint-energy.de\/wp-content\/uploads\/2024\/04\/ZEI-GB.png 1280w, https:\/\/www.tumint-energy.de\/wp-content\/uploads\/2024\/04\/ZEI-GB-300x225.png 300w, https:\/\/www.tumint-energy.de\/wp-content\/uploads\/2024\/04\/ZEI-GB-1024x768.png 1024w, https:\/\/www.tumint-energy.de\/wp-content\/uploads\/2024\/04\/ZEI-GB-768x576.png 768w, https:\/\/www.tumint-energy.de\/wp-content\/uploads\/2024\/04\/ZEI-GB-16x12.png 16w\" sizes=\"(max-width: 1280px) 100vw, 1280px\" \/>\t\t\t\t\t\t\t\t\t\t\t<figcaption class=\"widget-image-caption wp-caption-text\">Gloveboxlab material synthesis<\/figcaption>\n\t\t\t\t\t\t\t\t\t\t<\/figure>\n\t\t\t\t\t\t\t\t\t<\/div>\n\t\t\t\t<\/div>\n\t\t\t\t<div class=\"elementor-element elementor-element-afe2ed2 elementor-widget elementor-widget-image\" data-id=\"afe2ed2\" data-element_type=\"widget\" data-widget_type=\"image.default\">\n\t\t\t\t<div class=\"elementor-widget-container\">\n\t\t\t\t\t\t\t\t\t\t\t\t<figure class=\"wp-caption\">\n\t\t\t\t\t\t\t\t\t\t<img decoding=\"async\" src=\"https:\/\/www.tumint-energy.de\/wp-content\/uploads\/2024\/08\/IMG_8259-scaled.jpg\" title=\"IMG_8259\" alt=\"IMG_8259\" loading=\"lazy\" \/>\t\t\t\t\t\t\t\t\t\t\t<figcaption class=\"widget-image-caption wp-caption-text\">Common area<\/figcaption>\n\t\t\t\t\t\t\t\t\t\t<\/figure>\n\t\t\t\t\t\t\t\t\t<\/div>\n\t\t\t\t<\/div>\n\t\t\t\t<div class=\"elementor-element elementor-element-f4ed752 elementor-widget elementor-widget-image\" data-id=\"f4ed752\" data-element_type=\"widget\" data-widget_type=\"image.default\">\n\t\t\t\t<div class=\"elementor-widget-container\">\n\t\t\t\t\t\t\t\t\t\t\t\t<figure class=\"wp-caption\">\n\t\t\t\t\t\t\t\t\t\t<img decoding=\"async\" width=\"2560\" height=\"1920\" src=\"https:\/\/www.tumint-energy.de\/wp-content\/uploads\/2024\/08\/Lab_Goovebox-scaled.jpg\" class=\"attachment-full size-full wp-image-6370\" alt=\"\" srcset=\"https:\/\/www.tumint-energy.de\/wp-content\/uploads\/2024\/08\/Lab_Goovebox-scaled.jpg 2560w, https:\/\/www.tumint-energy.de\/wp-content\/uploads\/2024\/08\/Lab_Goovebox-300x225.jpg 300w, https:\/\/www.tumint-energy.de\/wp-content\/uploads\/2024\/08\/Lab_Goovebox-1024x768.jpg 1024w, https:\/\/www.tumint-energy.de\/wp-content\/uploads\/2024\/08\/Lab_Goovebox-768x576.jpg 768w, https:\/\/www.tumint-energy.de\/wp-content\/uploads\/2024\/08\/Lab_Goovebox-1536x1152.jpg 1536w, https:\/\/www.tumint-energy.de\/wp-content\/uploads\/2024\/08\/Lab_Goovebox-2048x1536.jpg 2048w, https:\/\/www.tumint-energy.de\/wp-content\/uploads\/2024\/08\/Lab_Goovebox-16x12.jpg 16w\" sizes=\"(max-width: 2560px) 100vw, 2560px\" \/>\t\t\t\t\t\t\t\t\t\t\t<figcaption class=\"widget-image-caption wp-caption-text\">Gloveboxlab diagnostics<\/figcaption>\n\t\t\t\t\t\t\t\t\t\t<\/figure>\n\t\t\t\t\t\t\t\t\t<\/div>\n\t\t\t\t<\/div>\n\t\t\t\t<div class=\"elementor-element elementor-element-256ef40 elementor-widget elementor-widget-image\" data-id=\"256ef40\" data-element_type=\"widget\" data-widget_type=\"image.default\">\n\t\t\t\t<div class=\"elementor-widget-container\">\n\t\t\t\t\t\t\t\t\t\t\t\t<figure class=\"wp-caption\">\n\t\t\t\t\t\t\t\t\t\t<img decoding=\"async\" width=\"2312\" height=\"1734\" src=\"https:\/\/www.tumint-energy.de\/wp-content\/uploads\/2024\/08\/Calender.jpg\" class=\"attachment-full size-full wp-image-6366\" alt=\"\" srcset=\"https:\/\/www.tumint-energy.de\/wp-content\/uploads\/2024\/08\/Calender.jpg 2312w, https:\/\/www.tumint-energy.de\/wp-content\/uploads\/2024\/08\/Calender-300x225.jpg 300w, https:\/\/www.tumint-energy.de\/wp-content\/uploads\/2024\/08\/Calender-1024x768.jpg 1024w, https:\/\/www.tumint-energy.de\/wp-content\/uploads\/2024\/08\/Calender-768x576.jpg 768w, https:\/\/www.tumint-energy.de\/wp-content\/uploads\/2024\/08\/Calender-1536x1152.jpg 1536w, https:\/\/www.tumint-energy.de\/wp-content\/uploads\/2024\/08\/Calender-2048x1536.jpg 2048w, https:\/\/www.tumint-energy.de\/wp-content\/uploads\/2024\/08\/Calender-16x12.jpg 16w\" sizes=\"(max-width: 2312px) 100vw, 2312px\" \/>\t\t\t\t\t\t\t\t\t\t\t<figcaption class=\"widget-image-caption wp-caption-text\">Calender pilot production line<\/figcaption>\n\t\t\t\t\t\t\t\t\t\t<\/figure>\n\t\t\t\t\t\t\t\t\t<\/div>\n\t\t\t\t<\/div>\n\t\t\t\t<div class=\"elementor-element elementor-element-26a23e6 elementor-widget elementor-widget-image\" data-id=\"26a23e6\" data-element_type=\"widget\" data-widget_type=\"image.default\">\n\t\t\t\t<div class=\"elementor-widget-container\">\n\t\t\t\t\t\t\t\t\t\t\t\t<figure class=\"wp-caption\">\n\t\t\t\t\t\t\t\t\t\t<img loading=\"lazy\" decoding=\"async\" width=\"2560\" height=\"1920\" src=\"https:\/\/www.tumint-energy.de\/wp-content\/uploads\/2024\/08\/IMG_8092-scaled.jpg\" class=\"attachment-full size-full wp-image-6368\" alt=\"\" srcset=\"https:\/\/www.tumint-energy.de\/wp-content\/uploads\/2024\/08\/IMG_8092-scaled.jpg 2560w, https:\/\/www.tumint-energy.de\/wp-content\/uploads\/2024\/08\/IMG_8092-300x225.jpg 300w, https:\/\/www.tumint-energy.de\/wp-content\/uploads\/2024\/08\/IMG_8092-1024x768.jpg 1024w, https:\/\/www.tumint-energy.de\/wp-content\/uploads\/2024\/08\/IMG_8092-768x576.jpg 768w, https:\/\/www.tumint-energy.de\/wp-content\/uploads\/2024\/08\/IMG_8092-1536x1152.jpg 1536w, https:\/\/www.tumint-energy.de\/wp-content\/uploads\/2024\/08\/IMG_8092-2048x1536.jpg 2048w, https:\/\/www.tumint-energy.de\/wp-content\/uploads\/2024\/08\/IMG_8092-16x12.jpg 16w\" sizes=\"(max-width: 2560px) 100vw, 2560px\" \/>\t\t\t\t\t\t\t\t\t\t\t<figcaption class=\"widget-image-caption wp-caption-text\">Large seminar room<\/figcaption>\n\t\t\t\t\t\t\t\t\t\t<\/figure>\n\t\t\t\t\t\t\t\t\t<\/div>\n\t\t\t\t<\/div>\n\t\t\t\t<div class=\"elementor-element elementor-element-f592c97 elementor-widget elementor-widget-image\" data-id=\"f592c97\" data-element_type=\"widget\" data-widget_type=\"image.default\">\n\t\t\t\t<div class=\"elementor-widget-container\">\n\t\t\t\t\t\t\t\t\t\t\t\t<figure class=\"wp-caption\">\n\t\t\t\t\t\t\t\t\t\t<img loading=\"lazy\" decoding=\"async\" width=\"2312\" height=\"1734\" src=\"https:\/\/www.tumint-energy.de\/wp-content\/uploads\/2024\/06\/Coater.jpg\" class=\"attachment-full size-full wp-image-5867\" alt=\"\" srcset=\"https:\/\/www.tumint-energy.de\/wp-content\/uploads\/2024\/06\/Coater.jpg 2312w, https:\/\/www.tumint-energy.de\/wp-content\/uploads\/2024\/06\/Coater-300x225.jpg 300w, https:\/\/www.tumint-energy.de\/wp-content\/uploads\/2024\/06\/Coater-1024x768.jpg 1024w, https:\/\/www.tumint-energy.de\/wp-content\/uploads\/2024\/06\/Coater-768x576.jpg 768w, https:\/\/www.tumint-energy.de\/wp-content\/uploads\/2024\/06\/Coater-1536x1152.jpg 1536w, https:\/\/www.tumint-energy.de\/wp-content\/uploads\/2024\/06\/Coater-2048x1536.jpg 2048w, https:\/\/www.tumint-energy.de\/wp-content\/uploads\/2024\/06\/Coater-16x12.jpg 16w\" sizes=\"(max-width: 2312px) 100vw, 2312px\" \/>\t\t\t\t\t\t\t\t\t\t\t<figcaption class=\"widget-image-caption wp-caption-text\">Coater pilot production line<\/figcaption>\n\t\t\t\t\t\t\t\t\t\t<\/figure>\n\t\t\t\t\t\t\t\t\t<\/div>\n\t\t\t\t<\/div>\n\t\t\t\t<\/div>\n\t\t<div class=\"elementor-element elementor-element-7b1f2d3 e-con-full e-flex wpr-particle-no wpr-jarallax-no wpr-parallax-no wpr-sticky-section-no e-con e-child\" data-id=\"7b1f2d3\" data-element_type=\"container\" data-settings=\"{&quot;content_width&quot;:&quot;full&quot;,&quot;background_background&quot;:&quot;classic&quot;,&quot;container_type&quot;:&quot;flex&quot;,&quot;_ha_eqh_enable&quot;:false}\">\n\t\t\t\t<div class=\"elementor-element elementor-element-28d6329 elementor-widget elementor-widget-heading\" data-id=\"28d6329\" data-element_type=\"widget\" data-widget_type=\"heading.default\">\n\t\t\t\t<div class=\"elementor-widget-container\">\n\t\t\t<style>\/*! elementor - v3.18.0 - 20-12-2023 *\/\n.elementor-heading-title{padding:0;margin:0;line-height:1}.elementor-widget-heading .elementor-heading-title[class*=elementor-size-]>a{color:inherit;font-size:inherit;line-height:inherit}.elementor-widget-heading .elementor-heading-title.elementor-size-small{font-size:15px}.elementor-widget-heading .elementor-heading-title.elementor-size-medium{font-size:19px}.elementor-widget-heading .elementor-heading-title.elementor-size-large{font-size:29px}.elementor-widget-heading .elementor-heading-title.elementor-size-xl{font-size:39px}.elementor-widget-heading .elementor-heading-title.elementor-size-xxl{font-size:59px}<\/style><h1 class=\"elementor-heading-title elementor-size-default\">Equipment and Research Infrastructure<\/h1>\t\t<\/div>\n\t\t\t\t<\/div>\n\t\t\t\t<div class=\"elementor-element elementor-element-53d0b54 elementor-widget elementor-widget-text-editor\" data-id=\"53d0b54\" data-element_type=\"widget\" data-widget_type=\"text-editor.default\">\n\t\t\t\t<div class=\"elementor-widget-container\">\n\t\t\t<style>\/*! elementor - v3.18.0 - 20-12-2023 *\/\n.elementor-widget-text-editor.elementor-drop-cap-view-stacked .elementor-drop-cap{background-color:#69727d;color:#fff}.elementor-widget-text-editor.elementor-drop-cap-view-framed .elementor-drop-cap{color:#69727d;border:3px solid;background-color:transparent}.elementor-widget-text-editor:not(.elementor-drop-cap-view-default) .elementor-drop-cap{margin-top:8px}.elementor-widget-text-editor:not(.elementor-drop-cap-view-default) .elementor-drop-cap-letter{width:1em;height:1em}.elementor-widget-text-editor .elementor-drop-cap{float:left;text-align:center;line-height:1;font-size:50px}.elementor-widget-text-editor .elementor-drop-cap-letter{display:inline-block}<\/style>\t\t\t\t<p>Our <strong>research network<\/strong> has a wide range of scientific expertise, the latest technical equipment and a wide variety of analysis methods for researching and developing solid-state batteries.<\/p><p>As TUMint.Energy Research, we research <strong>the entire spectrum of solid-state\nbattery development<\/strong> and thus aim to contribute to gaining <strong>deeper basic understanding<\/strong> of the physical and electrochemical processes on the one hand and to <strong>testing and further improving the neutralizability of new material systems and processes on the other<\/strong>.<\/p><p>Together with our <strong>industrial partners<\/strong> we can for example carry out battery tests on individual cells (pellets and pouch cells), material and cell analysis (including simulation-based long-term studies and tests on cycle stability based on different cell formats) or production process-based tests and evaluate them with our own expertise, as well as researching new high-performance and cost-efficient materials and processes.<\/p>\t\t\t\t\t\t<\/div>\n\t\t\t\t<\/div>\n\t\t\t\t<\/div>\n\t\t\t\t<\/div>\n\t\t<div class=\"elementor-element elementor-element-5595963 e-flex e-con-boxed wpr-particle-no wpr-jarallax-no wpr-parallax-no wpr-sticky-section-no e-con e-parent\" data-id=\"5595963\" data-element_type=\"container\" data-settings=\"{&quot;background_background&quot;:&quot;classic&quot;,&quot;container_type&quot;:&quot;flex&quot;,&quot;content_width&quot;:&quot;boxed&quot;,&quot;_ha_eqh_enable&quot;:false}\" data-core-v316-plus=\"true\">\n\t\t\t\t\t<div class=\"e-con-inner\">\n\t\t\t\t<div class=\"elementor-element elementor-element-a4c1700 elementor-widget elementor-widget-text-editor\" data-id=\"a4c1700\" data-element_type=\"widget\" data-widget_type=\"text-editor.default\">\n\t\t\t\t<div class=\"elementor-widget-container\">\n\t\t\t\t\t\t\t<p><strong>Materials synthesis:<\/strong>\u00a0wet\/dry chemical synthesis methods, spark plasma sintering (SPS), electrospinning system, metal evaporator, pulsed laser deposition (PLD)<\/p><p><strong>Cell design and cell assembly:\u00a0<\/strong>Glovebox with inert gas atmosphere and cell assembling equipment (pellets, pouch cells), slurry mixer, film coater and other tools, as well as in-situ analysis tools<\/p><p><strong>Structural analysis and imaging:<\/strong>\u00a0electron spin resonance (EPR), mercury intrusion porosimetry (MIP), molecular spectroscopy (IR, Raman), scanning electron microscopy (SEM\/EDX), X-ray Diffraction (XRD), X-ray Photoelectron Spectroscopy (XPS), Zwicki stress-strain measurements, rheometer<\/p><p><strong>Electrochemical analysis and cell testing:<\/strong>\u00a0electrochemical impedance spectroscopy (EIS), multi-channel cell tester, potentiostats, cyclic voltammetry (CV)<\/p><p><strong>Production processes and upscaling:<\/strong>\u00a0In collaboration with the TUM Institute for Machine Tools and Industrial Management\u00a0<em>(iwb)<\/em>\u00a0a\u00a0<strong>prototype coating system and calendar<\/strong> .<\/p>\t\t\t\t\t\t<\/div>\n\t\t\t\t<\/div>\n\t\t<div class=\"elementor-element elementor-element-265d861 e-con-full e-flex wpr-particle-no wpr-jarallax-no wpr-parallax-no wpr-sticky-section-no e-con e-child\" data-id=\"265d861\" data-element_type=\"container\" data-settings=\"{&quot;content_width&quot;:&quot;full&quot;,&quot;container_type&quot;:&quot;flex&quot;,&quot;_ha_eqh_enable&quot;:false}\">\n\t\t\t\t<div class=\"elementor-element elementor-element-a3589d0 elementor-widget elementor-widget-image\" data-id=\"a3589d0\" data-element_type=\"widget\" data-widget_type=\"image.default\">\n\t\t\t\t<div class=\"elementor-widget-container\">\n\t\t\t\t\t\t\t\t\t\t\t\t\t\t\t<img loading=\"lazy\" decoding=\"async\" width=\"2664\" height=\"1307\" src=\"https:\/\/www.tumint-energy.de\/wp-content\/uploads\/2024\/04\/SPACe_Panoramic.png\" class=\"attachment-full size-full wp-image-4565\" alt=\"\" srcset=\"https:\/\/www.tumint-energy.de\/wp-content\/uploads\/2024\/04\/SPACe_Panoramic.png 2664w, https:\/\/www.tumint-energy.de\/wp-content\/uploads\/2024\/04\/SPACe_Panoramic-300x147.png 300w, https:\/\/www.tumint-energy.de\/wp-content\/uploads\/2024\/04\/SPACe_Panoramic-1024x502.png 1024w, https:\/\/www.tumint-energy.de\/wp-content\/uploads\/2024\/04\/SPACe_Panoramic-768x377.png 768w, https:\/\/www.tumint-energy.de\/wp-content\/uploads\/2024\/04\/SPACe_Panoramic-1536x754.png 1536w, https:\/\/www.tumint-energy.de\/wp-content\/uploads\/2024\/04\/SPACe_Panoramic-2048x1005.png 2048w, https:\/\/www.tumint-energy.de\/wp-content\/uploads\/2024\/04\/SPACe_Panoramic-18x9.png 18w\" sizes=\"(max-width: 2664px) 100vw, 2664px\" \/>\t\t\t\t\t\t\t\t\t\t\t\t\t\t\t<\/div>\n\t\t\t\t<\/div>\n\t\t\t\t<\/div>\n\t\t\t\t\t<\/div>\n\t\t\t\t<\/div>\n\t\t\t\t\t\t\t<\/div>","protected":false},"excerpt":{"rendered":"<p>Gloveboxlabor Materialsynthese Gemeinschaftsbereich Gloveboxlabor Diagnostik Kalander Pilot-Produktionsanlage Gro\u00dfer Seminarraum Beschichter Pilot-Produktionsanlage Equipment und Infrastruktur Unser Forschungsnetzwerk verf\u00fcgt \u00fcber breit gef\u00e4cherte wissenschaftliche Kompetenzen, neueste technische Ausstattung&hellip;<\/p>","protected":false},"author":1,"featured_media":0,"parent":0,"menu_order":0,"comment_status":"closed","ping_status":"closed","template":"","meta":{"footnotes":""},"class_list":["post-6110","page","type-page","status-publish","hentry"],"acf":[],"_links":{"self":[{"href":"https:\/\/www.tumint-energy.de\/en\/wp-json\/wp\/v2\/pages\/6110","targetHints":{"allow":["GET"]}}],"collection":[{"href":"https:\/\/www.tumint-energy.de\/en\/wp-json\/wp\/v2\/pages"}],"about":[{"href":"https:\/\/www.tumint-energy.de\/en\/wp-json\/wp\/v2\/types\/page"}],"author":[{"embeddable":true,"href":"https:\/\/www.tumint-energy.de\/en\/wp-json\/wp\/v2\/users\/1"}],"replies":[{"embeddable":true,"href":"https:\/\/www.tumint-energy.de\/en\/wp-json\/wp\/v2\/comments?post=6110"}],"version-history":[{"count":31,"href":"https:\/\/www.tumint-energy.de\/en\/wp-json\/wp\/v2\/pages\/6110\/revisions"}],"predecessor-version":[{"id":6411,"href":"https:\/\/www.tumint-energy.de\/en\/wp-json\/wp\/v2\/pages\/6110\/revisions\/6411"}],"wp:attachment":[{"href":"https:\/\/www.tumint-energy.de\/en\/wp-json\/wp\/v2\/media?parent=6110"}],"curies":[{"name":"wp","href":"https:\/\/api.w.org\/{rel}","templated":true}]}}